{"id":4449,"date":"2024-04-12T10:58:07","date_gmt":"2024-04-12T09:58:07","guid":{"rendered":"https:\/\/ruralresilience.eu\/rezultati-projekta\/e-novicniki\/"},"modified":"2024-04-12T11:08:03","modified_gmt":"2024-04-12T10:08:03","slug":"e-novicniki","status":"publish","type":"page","link":"https:\/\/ruralresilience.eu\/sl\/rezultati-projekta\/e-novicniki\/","title":{"rendered":"E-novi\u010dniki"},"content":{"rendered":"\n<hr class=\"wp-block-separator has-alpha-channel-opacity\"\/>\n\n\n\n<h2 class=\"wp-block-heading\">E-novi\u010dnik 1 &#8211; December 2022<\/h2>\n\n\n\n<div id=\"wp-block-themeisle-blocks-advanced-columns-c27908e4\" class=\"wp-block-themeisle-blocks-advanced-columns has-1-columns has-desktop-equal-layout has-tablet-equal-layout has-mobile-equal-layout has-vertical-unset\"><div class=\"wp-block-themeisle-blocks-advanced-columns-overlay\"><\/div><div class=\"innerblocks-wrap\">\n<div id=\"wp-block-themeisle-blocks-advanced-column-e763eea4\" class=\"wp-block-themeisle-blocks-advanced-column\">\n<div data-wp-interactive=\"core\/file\" class=\"wp-block-file\"><object data-wp-bind--hidden=\"!state.hasPdfPreview\" hidden class=\"wp-block-file__embed\" data=\"https:\/\/ruralresilience.eu\/wp-content\/uploads\/2024\/04\/REBOUND_Newsletter_01_Slovenian.pdf\" type=\"application\/pdf\" style=\"width:100%;height:600px\" aria-label=\"Vdelava REBOUND_Newsletter_01_Slovenian\"><\/object><a id=\"wp-block-file--media-143ab058-fc9d-45de-bdca-839181fd0224\" href=\"https:\/\/ruralresilience.eu\/wp-content\/uploads\/2024\/04\/REBOUND_Newsletter_01_Slovenian.pdf\">REBOUND_Newsletter_01_Slovenian<\/a><a href=\"https:\/\/ruralresilience.eu\/wp-content\/uploads\/2024\/04\/REBOUND_Newsletter_01_Slovenian.pdf\" class=\"wp-block-file__button wp-element-button\" download aria-describedby=\"wp-block-file--media-143ab058-fc9d-45de-bdca-839181fd0224\">Prenos<\/a><\/div>\n<\/div>\n<\/div><\/div>\n\n\n\n<div data-wp-interactive=\"core\/file\" class=\"wp-block-file\"><object data-wp-bind--hidden=\"!state.hasPdfPreview\" hidden class=\"wp-block-file__embed\" data=\"https:\/\/ruralresilience.eu\/wp-content\/uploads\/2024\/04\/REBOUND_Newsletter_01_Slovenian_full.pdf\" type=\"application\/pdf\" style=\"width:100%;height:600px\" aria-label=\"Vdelava REBOUND_Newsletter_01_Slovenian_full\"><\/object><a id=\"wp-block-file--media-4b930e88-86dd-4bd6-b9b8-9872b8ad4f32\" href=\"https:\/\/ruralresilience.eu\/wp-content\/uploads\/2024\/04\/REBOUND_Newsletter_01_Slovenian_full.pdf\">REBOUND_Newsletter_01_Slovenian_full<\/a><a href=\"https:\/\/ruralresilience.eu\/wp-content\/uploads\/2024\/04\/REBOUND_Newsletter_01_Slovenian_full.pdf\" class=\"wp-block-file__button wp-element-button\" download aria-describedby=\"wp-block-file--media-4b930e88-86dd-4bd6-b9b8-9872b8ad4f32\">Prenos<\/a><\/div>\n\n\n\n<hr class=\"wp-block-separator has-alpha-channel-opacity\"\/>\n\n\n\n<h2 class=\"wp-block-heading\">E-novi\u010dnik 2 &#8211; Maj 2032<\/h2>\n\n\n\n<div data-wp-interactive=\"core\/file\" class=\"wp-block-file\"><object data-wp-bind--hidden=\"!state.hasPdfPreview\" hidden class=\"wp-block-file__embed\" data=\"https:\/\/ruralresilience.eu\/wp-content\/uploads\/2024\/04\/REBOUND_Newsletter_02_Slovenian.pdf\" type=\"application\/pdf\" style=\"width:100%;height:600px\" aria-label=\"Vdelava REBOUND_Newsletter_02_Slovenian\"><\/object><a id=\"wp-block-file--media-04a03f40-da75-470c-ba96-68eee5d2f95d\" href=\"https:\/\/ruralresilience.eu\/wp-content\/uploads\/2024\/04\/REBOUND_Newsletter_02_Slovenian.pdf\">REBOUND_Newsletter_02_Slovenian<\/a><a href=\"https:\/\/ruralresilience.eu\/wp-content\/uploads\/2024\/04\/REBOUND_Newsletter_02_Slovenian.pdf\" class=\"wp-block-file__button wp-element-button\" download aria-describedby=\"wp-block-file--media-04a03f40-da75-470c-ba96-68eee5d2f95d\">Prenos<\/a><\/div>\n\n\n\n<hr class=\"wp-block-separator has-alpha-channel-opacity\"\/>\n\n\n\n<h2 class=\"wp-block-heading\">E-novi\u010dnik 3 &#8211; December 2023<\/h2>\n\n\n\n<div data-wp-interactive=\"core\/file\" class=\"wp-block-file\"><object data-wp-bind--hidden=\"!state.hasPdfPreview\" hidden class=\"wp-block-file__embed\" data=\"https:\/\/ruralresilience.eu\/wp-content\/uploads\/2024\/04\/REBOUND_Newsletter_03_Slovenian.pdf\" type=\"application\/pdf\" style=\"width:100%;height:600px\" aria-label=\"Vdelava REBOUND_Newsletter_03_Slovenian\"><\/object><a id=\"wp-block-file--media-cdd3f36b-5377-407a-ba37-d367dcaaeaa8\" href=\"https:\/\/ruralresilience.eu\/wp-content\/uploads\/2024\/04\/REBOUND_Newsletter_03_Slovenian.pdf\">REBOUND_Newsletter_03_Slovenian<\/a><a href=\"https:\/\/ruralresilience.eu\/wp-content\/uploads\/2024\/04\/REBOUND_Newsletter_03_Slovenian.pdf\" class=\"wp-block-file__button wp-element-button\" download aria-describedby=\"wp-block-file--media-cdd3f36b-5377-407a-ba37-d367dcaaeaa8\">Prenos<\/a><\/div>\n","protected":false},"excerpt":{"rendered":"<p>E-novi\u010dnik 1 &#8211; December 2022 E-novi\u010dnik 2 &#8211; Maj 2032 E-novi\u010dnik 3 &#8211; December 2023<\/p>\n","protected":false},"author":1,"featured_media":0,"parent":4069,"menu_order":25,"comment_status":"closed","ping_status":"closed","template":"","meta":{"_themeisle_gutenberg_block_has_review":false,"footnotes":""},"class_list":["post-4449","page","type-page","status-publish","hentry"],"_links":{"self":[{"href":"https:\/\/ruralresilience.eu\/sl\/wp-json\/wp\/v2\/pages\/4449","targetHints":{"allow":["GET"]}}],"collection":[{"href":"https:\/\/ruralresilience.eu\/sl\/wp-json\/wp\/v2\/pages"}],"about":[{"href":"https:\/\/ruralresilience.eu\/sl\/wp-json\/wp\/v2\/types\/page"}],"author":[{"embeddable":true,"href":"https:\/\/ruralresilience.eu\/sl\/wp-json\/wp\/v2\/users\/1"}],"replies":[{"embeddable":true,"href":"https:\/\/ruralresilience.eu\/sl\/wp-json\/wp\/v2\/comments?post=4449"}],"version-history":[{"count":2,"href":"https:\/\/ruralresilience.eu\/sl\/wp-json\/wp\/v2\/pages\/4449\/revisions"}],"predecessor-version":[{"id":4472,"href":"https:\/\/ruralresilience.eu\/sl\/wp-json\/wp\/v2\/pages\/4449\/revisions\/4472"}],"up":[{"embeddable":true,"href":"https:\/\/ruralresilience.eu\/sl\/wp-json\/wp\/v2\/pages\/4069"}],"wp:attachment":[{"href":"https:\/\/ruralresilience.eu\/sl\/wp-json\/wp\/v2\/media?parent=4449"}],"curies":[{"name":"wp","href":"https:\/\/api.w.org\/{rel}","templated":true}]}}