{"id":4069,"date":"2023-04-06T09:15:53","date_gmt":"2023-04-06T08:15:53","guid":{"rendered":"https:\/\/ruralresilience.eu\/rezultati-projekta\/"},"modified":"2024-04-23T11:52:43","modified_gmt":"2024-04-23T10:52:43","slug":"rezultati-projekta","status":"publish","type":"page","link":"https:\/\/ruralresilience.eu\/sl\/rezultati-projekta\/","title":{"rendered":"Rezultati projekta"},"content":{"rendered":"\n<p><a href=\"https:\/\/ruralresilience.eu\/sl\/rezultati-projekta\/summary-national-and-european-report\/\" data-type=\"link\" data-id=\"https:\/\/ruralresilience.eu\/sl\/rezultati-projekta\/summary-national-and-european-report\/\">Zbirno poro\u010dilo in poro\u010dilo o Sloveniji<\/a><\/p>\n\n\n\n<p><a href=\"https:\/\/ruralresilience.eu\/sl\/rezultati-projekta\/e-novicniki\/\" data-type=\"link\" data-id=\"https:\/\/ruralresilience.eu\/sl\/rezultati-projekta\/e-novicniki\/\">E-novi\u010dniki<\/a><\/p>\n\n\n\n<p><a href=\"https:\/\/ruralresilience.eu\/sl\/rezultati-projekta\/multiplikativni-dogodki\/\" data-type=\"link\" data-id=\"https:\/\/ruralresilience.eu\/sl\/rezultati-projekta\/multiplikativni-dogodki\/\">Multiplikativni dogodek<\/a><\/p>\n\n\n\n<p><a href=\"https:\/\/ruralresilience.eu\/sl\/rezultati-projekta\/case-studies-map\/\" data-type=\"link\" data-id=\"https:\/\/ruralresilience.eu\/sl\/rezultati-projekta\/case-studies-map\/\">Zemljevid primerov dobrih praks<\/a><\/p>\n\n\n\n<p><a href=\"https:\/\/ruralresilience.eu\/rebound-course-materials\/\" data-type=\"link\" data-id=\"https:\/\/ruralresilience.eu\/rebound-course-materials\/\">Program REBOUND<\/a><\/p>\n","protected":false},"excerpt":{"rendered":"<p>Zbirno poro\u010dilo in poro\u010dilo o Sloveniji E-novi\u010dniki Multiplikativni dogodek Zemljevid primerov dobrih praks Program REBOUND<\/p>\n","protected":false},"author":1,"featured_media":0,"parent":0,"menu_order":0,"comment_status":"closed","ping_status":"closed","template":"","meta":{"_themeisle_gutenberg_block_has_review":false,"footnotes":""},"class_list":["post-4069","page","type-page","status-publish","hentry"],"_links":{"self":[{"href":"https:\/\/ruralresilience.eu\/sl\/wp-json\/wp\/v2\/pages\/4069","targetHints":{"allow":["GET"]}}],"collection":[{"href":"https:\/\/ruralresilience.eu\/sl\/wp-json\/wp\/v2\/pages"}],"about":[{"href":"https:\/\/ruralresilience.eu\/sl\/wp-json\/wp\/v2\/types\/page"}],"author":[{"embeddable":true,"href":"https:\/\/ruralresilience.eu\/sl\/wp-json\/wp\/v2\/users\/1"}],"replies":[{"embeddable":true,"href":"https:\/\/ruralresilience.eu\/sl\/wp-json\/wp\/v2\/comments?post=4069"}],"version-history":[{"count":7,"href":"https:\/\/ruralresilience.eu\/sl\/wp-json\/wp\/v2\/pages\/4069\/revisions"}],"predecessor-version":[{"id":4629,"href":"https:\/\/ruralresilience.eu\/sl\/wp-json\/wp\/v2\/pages\/4069\/revisions\/4629"}],"wp:attachment":[{"href":"https:\/\/ruralresilience.eu\/sl\/wp-json\/wp\/v2\/media?parent=4069"}],"curies":[{"name":"wp","href":"https:\/\/api.w.org\/{rel}","templated":true}]}}