{"id":3728,"date":"2022-11-09T13:30:10","date_gmt":"2022-11-09T13:30:10","guid":{"rendered":"https:\/\/ruralresilience.eu\/o-projektu\/"},"modified":"2023-02-04T19:24:04","modified_gmt":"2023-02-04T19:24:04","slug":"o-projektu","status":"publish","type":"page","link":"https:\/\/ruralresilience.eu\/sl\/o-projektu\/","title":{"rendered":"O projektu"},"content":{"rendered":"\t\t<div data-elementor-type=\"wp-page\" data-elementor-id=\"3728\" class=\"elementor elementor-3728 elementor-2411\">\n\t\t\t\t\t\t<div class=\"elementor-inner\">\n\t\t\t\t<div class=\"elementor-section-wrap\">\n\t\t\t\t\t\t\t\t\t<section class=\"elementor-section elementor-top-section elementor-element elementor-element-62aedf68 elementor-section-boxed elementor-section-height-default elementor-section-height-default\" data-id=\"62aedf68\" data-element_type=\"section\">\n\t\t\t\t\t\t<div class=\"elementor-container elementor-column-gap-default\">\n\t\t\t\t\t\t\t<div class=\"elementor-row\">\n\t\t\t\t\t<div class=\"elementor-column elementor-col-100 elementor-top-column elementor-element elementor-element-25936695\" data-id=\"25936695\" data-element_type=\"column\">\n\t\t\t<div class=\"elementor-column-wrap elementor-element-populated\">\n\t\t\t\t\t\t\t<div class=\"elementor-widget-wrap\">\n\t\t\t\t\t\t<div class=\"elementor-element elementor-element-6cd87884 elementor-widget elementor-widget-text-editor\" data-id=\"6cd87884\" data-element_type=\"widget\" data-widget_type=\"text-editor.default\">\n\t\t\t\t<div class=\"elementor-widget-container\">\n\t\t\t\t\t\t\t\t<div class=\"elementor-text-editor elementor-clearfix\">\n\t\t\t\t\r\n<div id=\"wp-block-themeisle-blocks-advanced-columns-a1422681\" class=\"wp-block-themeisle-blocks-advanced-columns has-0-columns has-desktop-undefined-layout has-tablet-equal-layout has-mobile-equal-layout has-vertical-unset\"><div class=\"wp-block-themeisle-blocks-advanced-columns-overlay\"><\/div><div class=\"innerblocks-wrap\"><\/div><\/div>\r\n\t\t\t\t\t<\/div>\n\t\t\t\t\t\t<\/div>\n\t\t\t\t<\/div>\n\t\t\t\t\t\t<\/div>\n\t\t\t\t\t<\/div>\n\t\t<\/div>\n\t\t\t\t\t\t\t\t<\/div>\n\t\t\t\t\t<\/div>\n\t\t<\/section>\n\t\t\t\t<section class=\"elementor-section elementor-top-section elementor-element elementor-element-712db62 elementor-section-boxed elementor-section-height-default elementor-section-height-default\" data-id=\"712db62\" data-element_type=\"section\">\n\t\t\t\t\t\t<div class=\"elementor-container elementor-column-gap-default\">\n\t\t\t\t\t\t\t<div class=\"elementor-row\">\n\t\t\t\t\t<div class=\"elementor-column elementor-col-100 elementor-top-column elementor-element elementor-element-6f92b83\" data-id=\"6f92b83\" data-element_type=\"column\">\n\t\t\t<div class=\"elementor-column-wrap elementor-element-populated\">\n\t\t\t\t\t\t\t<div class=\"elementor-widget-wrap\">\n\t\t\t\t\t\t<div class=\"elementor-element elementor-element-d00350c elementor-widget elementor-widget-heading\" data-id=\"d00350c\" data-element_type=\"widget\" data-widget_type=\"heading.default\">\n\t\t\t\t<div class=\"elementor-widget-container\">\n\t\t\t<h2 class=\"elementor-heading-title elementor-size-default\">Kaj je Rebound?<\/h2>\t\t<\/div>\n\t\t\t\t<\/div>\n\t\t\t\t<div class=\"elementor-element elementor-element-00c3fc4 elementor-widget elementor-widget-text-editor\" data-id=\"00c3fc4\" data-element_type=\"widget\" data-widget_type=\"text-editor.default\">\n\t\t\t\t<div class=\"elementor-widget-container\">\n\t\t\t\t\t\t\t\t<div class=\"elementor-text-editor elementor-clearfix\">\n\t\t\t\t<p>Rebound je mednarodni projekt, ki ga podpira EU v okviru programa ERASMUS+. Temelji na akcijsko-raziskovalnem pristopu k spodbujanju pro\u017enosti pode\u017eelskih skupnosti. Partnerji iz Irske, Portugalske, Slovenije in vseevropskega zdru\u017eenja AEIDL smo zdru\u017eili svoje strokovno znanje in izku\u0161nje ter vklju\u010dili razli\u010dne dele\u017enike, ki lahko prispevajo k pro\u017enosti pode\u017eelja. Na podlagi zbranih podatkov bomo razvili program usposabljanja in krepitve zmogljivosti na pode\u017eelju.<\/p><p><\/p><p><strong>Prednostna tema programa ERASMUS+: <\/strong><br>\nprilagajanje poklicnega izobra\u017eevanja in usposabljanja potrebam trga dela.<\/p>\n<p><strong>Dodatne prednostne naloge: <\/strong><br>\nobravnava digitalne preobrazbe z razvojem digitalne pripravljenosti, odpornosti in zmogljivosti ter skupnih vrednot, dr\u017eavljanskega udejstvovanja in sodelovanja.<\/p>\t\t\t\t\t<\/div>\n\t\t\t\t\t\t<\/div>\n\t\t\t\t<\/div>\n\t\t\t\t<div class=\"elementor-element elementor-element-02d9f2d elementor-widget elementor-widget-heading\" data-id=\"02d9f2d\" data-element_type=\"widget\" data-widget_type=\"heading.default\">\n\t\t\t\t<div class=\"elementor-widget-container\">\n\t\t\t<h5 class=\"elementor-heading-title elementor-size-default\">Kaj je glavni namen tega projekta?<\/h5>\t\t<\/div>\n\t\t\t\t<\/div>\n\t\t\t\t<div class=\"elementor-element elementor-element-d0b5365 elementor-widget elementor-widget-text-editor\" data-id=\"d0b5365\" data-element_type=\"widget\" data-widget_type=\"text-editor.default\">\n\t\t\t\t<div class=\"elementor-widget-container\">\n\t\t\t\t\t\t\t\t<div class=\"elementor-text-editor elementor-clearfix\">\n\t\t\t\t<p>Oblikovati prakti\u010dno usmerjen, izvedljiv in v re\u0161itve usmerjen program usposabljanja za krepitev zmogljivosti, ki bo zajel prednosti pro\u017enih skupnosti in zainteresiranim stranem v poklicnem u\u010dnem okolju omogo\u010dil ocenjevanje, spodbujanje, pregledovanje, izbolj\u0161evanje in vrednotenje pristopov k spodbujanju pro\u017enosti na razli\u010dnih vrstah pode\u017eelskih obmo\u010dij v Evropi.<\/p>\n\t\t\t\t\t<\/div>\n\t\t\t\t\t\t<\/div>\n\t\t\t\t<\/div>\n\t\t\t\t<div class=\"elementor-element elementor-element-7117953 elementor-widget elementor-widget-heading\" data-id=\"7117953\" data-element_type=\"widget\" data-widget_type=\"heading.default\">\n\t\t\t\t<div class=\"elementor-widget-container\">\n\t\t\t<h5 class=\"elementor-heading-title elementor-size-default\">Cilji<\/h5>\t\t<\/div>\n\t\t\t\t<\/div>\n\t\t\t\t<div class=\"elementor-element elementor-element-806c805 elementor-widget elementor-widget-text-editor\" data-id=\"806c805\" data-element_type=\"widget\" data-widget_type=\"text-editor.default\">\n\t\t\t\t<div class=\"elementor-widget-container\">\n\t\t\t\t\t\t\t\t<div class=\"elementor-text-editor elementor-clearfix\">\n\t\t\t\t<ul>\n<li>Zbrati najbolj\u0161e prakse na podro\u010dju krepitve pro\u017enosti na kraju samem;<\/li>\n<li>razviti orodje za merjenje pro\u017enosti, usmerjanje in strate\u0161ko na\u010drtovanje, ki ga lahko posamezniki, ki se ukvarjajo z razvojem pode\u017eelja, uporabljajo v razli\u010dnih geografskih okoljih;<\/li>\n<li>sodelovati z ljudmi na terenu pri skupnem oblikovanju inovativnega programa usposabljanja in programa za krepitev zmogljivosti, ki jim bo u\u010dinkovito omogo\u010dil spodbujanje pro\u017enosti skupaj z oblikovanjem kraja;<\/li>\n<li>izpopolniti digitalno zbirko za ocenjevanje in u\u010denje z vrsto vsebin in kazalnikov;<\/li>\n<li>sodelovanje z razli\u010dnimi akterji pri prenosu projektnih spoznanj v prakso.<\/li>\n<\/ul>\n\t\t\t\t\t<\/div>\n\t\t\t\t\t\t<\/div>\n\t\t\t\t<\/div>\n\t\t\t\t\t\t<\/div>\n\t\t\t\t\t<\/div>\n\t\t<\/div>\n\t\t\t\t\t\t\t\t<\/div>\n\t\t\t\t\t<\/div>\n\t\t<\/section>\n\t\t\t\t\t\t\t\t\t<\/div>\n\t\t\t<\/div>\n\t\t\t\t\t<\/div>\n\t\t","protected":false},"excerpt":{"rendered":"<p>Kaj je Rebound? Rebound je mednarodni projekt, ki ga podpira EU v okviru programa ERASMUS+. Temelji na akcijsko-raziskovalnem pristopu k [&hellip;]<\/p>\n","protected":false},"author":1,"featured_media":0,"parent":0,"menu_order":0,"comment_status":"closed","ping_status":"closed","template":"","meta":{"_themeisle_gutenberg_block_has_review":false,"footnotes":""},"class_list":["post-3728","page","type-page","status-publish","hentry"],"_links":{"self":[{"href":"https:\/\/ruralresilience.eu\/sl\/wp-json\/wp\/v2\/pages\/3728","targetHints":{"allow":["GET"]}}],"collection":[{"href":"https:\/\/ruralresilience.eu\/sl\/wp-json\/wp\/v2\/pages"}],"about":[{"href":"https:\/\/ruralresilience.eu\/sl\/wp-json\/wp\/v2\/types\/page"}],"author":[{"embeddable":true,"href":"https:\/\/ruralresilience.eu\/sl\/wp-json\/wp\/v2\/users\/1"}],"replies":[{"embeddable":true,"href":"https:\/\/ruralresilience.eu\/sl\/wp-json\/wp\/v2\/comments?post=3728"}],"version-history":[{"count":6,"href":"https:\/\/ruralresilience.eu\/sl\/wp-json\/wp\/v2\/pages\/3728\/revisions"}],"predecessor-version":[{"id":3791,"href":"https:\/\/ruralresilience.eu\/sl\/wp-json\/wp\/v2\/pages\/3728\/revisions\/3791"}],"wp:attachment":[{"href":"https:\/\/ruralresilience.eu\/sl\/wp-json\/wp\/v2\/media?parent=3728"}],"curies":[{"name":"wp","href":"https:\/\/api.w.org\/{rel}","templated":true}]}}