{"id":4634,"date":"2024-01-22T13:53:13","date_gmt":"2024-01-22T13:53:13","guid":{"rendered":"https:\/\/ruralresilience.eu\/resultados-do-projecto\/summary-national-and-european-report\/"},"modified":"2024-04-23T12:00:24","modified_gmt":"2024-04-23T11:00:24","slug":"summary-national-and-european-report","status":"publish","type":"page","link":"https:\/\/ruralresilience.eu\/pt-pt\/resultados-do-projecto\/summary-national-and-european-report\/","title":{"rendered":"Relat\u00f3rio de s\u00edntese e relat\u00f3rio para Portugal"},"content":{"rendered":"\n<div id=\"wp-block-themeisle-blocks-advanced-columns-56eff51f\" class=\"wp-block-themeisle-blocks-advanced-columns has-1-columns has-desktop-equal-layout has-tablet-equal-layout has-mobile-equal-layout has-vertical-unset\"><div class=\"wp-block-themeisle-blocks-advanced-columns-overlay\"><\/div><div class=\"innerblocks-wrap\">\n<div id=\"wp-block-themeisle-blocks-advanced-column-b3219142\" class=\"wp-block-themeisle-blocks-advanced-column\"><\/div>\n<\/div><\/div>\n\n\n\n<div id=\"wp-block-themeisle-blocks-advanced-columns-af96117b\" class=\"wp-block-themeisle-blocks-advanced-columns has-1-columns has-desktop-equal-layout has-tablet-equal-layout has-mobile-equal-layout has-vertical-unset\"><div class=\"wp-block-themeisle-blocks-advanced-columns-overlay\"><\/div><div class=\"innerblocks-wrap\">\n<div id=\"wp-block-themeisle-blocks-advanced-column-7457e594\" class=\"wp-block-themeisle-blocks-advanced-column\">\n<h2 class=\"wp-block-heading\">Estado da Arte e as Pr\u00e1ticas de Resili\u00eancia da Comunidade Rural<\/h2>\n<\/div>\n<\/div><\/div>\n\n\n\n<p>O Relat\u00f3rio de s\u00edntese \u00e9 o resultado da primeira fase do projecto REBOUND. Fornece uma an\u00e1lise dos processos e padr\u00f5es inovadores relativos \u00e0 resili\u00eancia rural em toda a Europa e oferece um documento introdut\u00f3rio ao desenvolvimento de materiais de forma\u00e7\u00e3o que ser\u00e3o desenvolvidos no projecto.<\/p>\n\n\n\n<p>Pode descarregar o documento em ingl\u00eas com resumo em portugu\u00eas aqui:<\/p>\n\n\n\n<div data-wp-interactive=\"core\/file\" class=\"wp-block-file\"><object data-wp-bind--hidden=\"!state.hasPdfPreview\" hidden class=\"wp-block-file__embed\" data=\"https:\/\/ruralresilience.eu\/wp-content\/uploads\/2023\/05\/RO1_Summary-Report_PT.pdf\" type=\"application\/pdf\" style=\"width:100%;height:600px\" aria-label=\"Incorpora\u00e7\u00e3o de RO1_Summary Report_PT.\"><\/object><a id=\"wp-block-file--media-2caab486-c4f5-41ce-97cb-4151152c9b1f\" href=\"https:\/\/ruralresilience.eu\/wp-content\/uploads\/2023\/05\/RO1_Summary-Report_PT.pdf\">RO1_Summary Report_PT<\/a><a href=\"https:\/\/ruralresilience.eu\/wp-content\/uploads\/2023\/05\/RO1_Summary-Report_PT.pdf\" class=\"wp-block-file__button wp-element-button\" download aria-describedby=\"wp-block-file--media-2caab486-c4f5-41ce-97cb-4151152c9b1f\">Download<\/a><\/div>\n\n\n\n<hr class=\"wp-block-separator has-alpha-channel-opacity\"\/>\n\n\n\n<h2 class=\"wp-block-heading\">Relat\u00f3rio Nacional &#8211; Portugal<\/h2>\n\n\n\n<div data-wp-interactive=\"core\/file\" class=\"wp-block-file\"><object data-wp-bind--hidden=\"!state.hasPdfPreview\" hidden class=\"wp-block-file__embed\" data=\"https:\/\/ruralresilience.eu\/wp-content\/uploads\/2024\/04\/National-Report-Portugal.pdf\" type=\"application\/pdf\" style=\"width:100%;height:600px\" aria-label=\"Incorpora\u00e7\u00e3o de National Report Portugal.\"><\/object><a id=\"wp-block-file--media-3548707c-a87c-4ff6-87d5-b974b57656a0\" href=\"https:\/\/ruralresilience.eu\/wp-content\/uploads\/2024\/04\/National-Report-Portugal.pdf\">National Report Portugal<\/a><a href=\"https:\/\/ruralresilience.eu\/wp-content\/uploads\/2024\/04\/National-Report-Portugal.pdf\" class=\"wp-block-file__button wp-element-button\" download aria-describedby=\"wp-block-file--media-3548707c-a87c-4ff6-87d5-b974b57656a0\">Download<\/a><\/div>\n","protected":false},"excerpt":{"rendered":"<p>O Relat\u00f3rio de s\u00edntese \u00e9 o resultado da primeira fase do projecto REBOUND. Fornece uma an\u00e1lise dos processos e padr\u00f5es [&hellip;]<\/p>\n","protected":false},"author":1,"featured_media":0,"parent":4020,"menu_order":0,"comment_status":"closed","ping_status":"closed","template":"","meta":{"_themeisle_gutenberg_block_has_review":false,"footnotes":""},"class_list":["post-4634","page","type-page","status-publish","hentry"],"_links":{"self":[{"href":"https:\/\/ruralresilience.eu\/pt-pt\/wp-json\/wp\/v2\/pages\/4634","targetHints":{"allow":["GET"]}}],"collection":[{"href":"https:\/\/ruralresilience.eu\/pt-pt\/wp-json\/wp\/v2\/pages"}],"about":[{"href":"https:\/\/ruralresilience.eu\/pt-pt\/wp-json\/wp\/v2\/types\/page"}],"author":[{"embeddable":true,"href":"https:\/\/ruralresilience.eu\/pt-pt\/wp-json\/wp\/v2\/users\/1"}],"replies":[{"embeddable":true,"href":"https:\/\/ruralresilience.eu\/pt-pt\/wp-json\/wp\/v2\/comments?post=4634"}],"version-history":[{"count":2,"href":"https:\/\/ruralresilience.eu\/pt-pt\/wp-json\/wp\/v2\/pages\/4634\/revisions"}],"predecessor-version":[{"id":4637,"href":"https:\/\/ruralresilience.eu\/pt-pt\/wp-json\/wp\/v2\/pages\/4634\/revisions\/4637"}],"up":[{"embeddable":true,"href":"https:\/\/ruralresilience.eu\/pt-pt\/wp-json\/wp\/v2\/pages\/4020"}],"wp:attachment":[{"href":"https:\/\/ruralresilience.eu\/pt-pt\/wp-json\/wp\/v2\/media?parent=4634"}],"curies":[{"name":"wp","href":"https:\/\/api.w.org\/{rel}","templated":true}]}}