{"id":4020,"date":"2023-04-06T09:15:53","date_gmt":"2023-04-06T08:15:53","guid":{"rendered":"https:\/\/ruralresilience.eu\/resultados-do-projecto\/"},"modified":"2024-04-23T12:05:51","modified_gmt":"2024-04-23T11:05:51","slug":"resultados-do-projecto","status":"publish","type":"page","link":"https:\/\/ruralresilience.eu\/pt-pt\/resultados-do-projecto\/","title":{"rendered":"Resultados do Projecto"},"content":{"rendered":"\n<p><a href=\"https:\/\/ruralresilience.eu\/pt-pt\/resultados-do-projecto\/summary-national-and-european-report\/\" data-type=\"link\" data-id=\"https:\/\/ruralresilience.eu\/pt-pt\/resultados-do-projecto\/summary-national-and-european-report\/\">Relat\u00f3rio de s\u00edntese e relat\u00f3rio para Portugal<\/a><\/p>\n\n\n\n<p><a href=\"https:\/\/ruralresilience.eu\/pt-pt\/resultados-do-projecto\/boletins-informativos\/\" data-type=\"link\" data-id=\"https:\/\/ruralresilience.eu\/pt-pt\/resultados-do-projecto\/boletins-informativos\/\">Boletins informativos<\/a><\/p>\n\n\n\n<p><a href=\"https:\/\/ruralresilience.eu\/pt-pt\/resultados-do-projecto\/mapa-de-casos-de-estudo\/\" data-type=\"link\" data-id=\"https:\/\/ruralresilience.eu\/pt-pt\/resultados-do-projecto\/mapa-de-casos-de-estudo\/\">Mapa de Casos de Estudo<\/a><\/p>\n\n\n\n<p><a href=\"https:\/\/ruralresilience.eu\/pt-pt\/resultados-do-projecto\/eventos-multiplicadores\/\" data-type=\"link\" data-id=\"https:\/\/ruralresilience.eu\/pt-pt\/resultados-do-projecto\/eventos-multiplicadores\/\">Eventos multiplicadores<\/a><\/p>\n\n\n\n<p><a href=\"https:\/\/ruralresilience.eu\/rebound-course-materials\/\" data-type=\"link\" data-id=\"https:\/\/ruralresilience.eu\/rebound-course-materials\/\">Programa REBOUND<\/a><\/p>\n","protected":false},"excerpt":{"rendered":"<p>Relat\u00f3rio de s\u00edntese e relat\u00f3rio para Portugal Boletins informativos Mapa de Casos de Estudo Eventos multiplicadores Programa REBOUND<\/p>\n","protected":false},"author":1,"featured_media":0,"parent":0,"menu_order":0,"comment_status":"closed","ping_status":"closed","template":"","meta":{"_themeisle_gutenberg_block_has_review":false,"footnotes":""},"class_list":["post-4020","page","type-page","status-publish","hentry"],"_links":{"self":[{"href":"https:\/\/ruralresilience.eu\/pt-pt\/wp-json\/wp\/v2\/pages\/4020","targetHints":{"allow":["GET"]}}],"collection":[{"href":"https:\/\/ruralresilience.eu\/pt-pt\/wp-json\/wp\/v2\/pages"}],"about":[{"href":"https:\/\/ruralresilience.eu\/pt-pt\/wp-json\/wp\/v2\/types\/page"}],"author":[{"embeddable":true,"href":"https:\/\/ruralresilience.eu\/pt-pt\/wp-json\/wp\/v2\/users\/1"}],"replies":[{"embeddable":true,"href":"https:\/\/ruralresilience.eu\/pt-pt\/wp-json\/wp\/v2\/comments?post=4020"}],"version-history":[{"count":4,"href":"https:\/\/ruralresilience.eu\/pt-pt\/wp-json\/wp\/v2\/pages\/4020\/revisions"}],"predecessor-version":[{"id":4642,"href":"https:\/\/ruralresilience.eu\/pt-pt\/wp-json\/wp\/v2\/pages\/4020\/revisions\/4642"}],"wp:attachment":[{"href":"https:\/\/ruralresilience.eu\/pt-pt\/wp-json\/wp\/v2\/media?parent=4020"}],"curies":[{"name":"wp","href":"https:\/\/api.w.org\/{rel}","templated":true}]}}