{"id":3780,"date":"2022-11-09T13:30:10","date_gmt":"2022-11-09T13:30:10","guid":{"rendered":"https:\/\/ruralresilience.eu\/resumo-do-projeto\/"},"modified":"2023-02-04T18:20:46","modified_gmt":"2023-02-04T18:20:46","slug":"resumo-do-projeto","status":"publish","type":"page","link":"https:\/\/ruralresilience.eu\/pt-pt\/resumo-do-projeto\/","title":{"rendered":"Resumo do Projeto"},"content":{"rendered":"\t\t<div data-elementor-type=\"wp-page\" data-elementor-id=\"3780\" class=\"elementor elementor-3780 elementor-2411\">\n\t\t\t\t\t\t<div class=\"elementor-inner\">\n\t\t\t\t<div class=\"elementor-section-wrap\">\n\t\t\t\t\t\t\t\t\t<section class=\"elementor-section elementor-top-section elementor-element elementor-element-62aedf68 elementor-section-boxed elementor-section-height-default elementor-section-height-default\" data-id=\"62aedf68\" data-element_type=\"section\">\n\t\t\t\t\t\t<div class=\"elementor-container elementor-column-gap-default\">\n\t\t\t\t\t\t\t<div class=\"elementor-row\">\n\t\t\t\t\t<div class=\"elementor-column elementor-col-100 elementor-top-column elementor-element elementor-element-25936695\" data-id=\"25936695\" data-element_type=\"column\">\n\t\t\t<div class=\"elementor-column-wrap elementor-element-populated\">\n\t\t\t\t\t\t\t<div class=\"elementor-widget-wrap\">\n\t\t\t\t\t\t<div class=\"elementor-element elementor-element-6cd87884 elementor-widget elementor-widget-text-editor\" data-id=\"6cd87884\" data-element_type=\"widget\" data-widget_type=\"text-editor.default\">\n\t\t\t\t<div class=\"elementor-widget-container\">\n\t\t\t\t\t\t\t\t<div class=\"elementor-text-editor elementor-clearfix\">\n\t\t\t\t\r\n<div id=\"wp-block-themeisle-blocks-advanced-columns-a1422681\" class=\"wp-block-themeisle-blocks-advanced-columns has-0-columns has-desktop-undefined-layout has-tablet-equal-layout has-mobile-equal-layout has-vertical-unset\"><div class=\"wp-block-themeisle-blocks-advanced-columns-overlay\"><\/div><div class=\"innerblocks-wrap\"><\/div><\/div>\r\n\t\t\t\t\t<\/div>\n\t\t\t\t\t\t<\/div>\n\t\t\t\t<\/div>\n\t\t\t\t\t\t<\/div>\n\t\t\t\t\t<\/div>\n\t\t<\/div>\n\t\t\t\t\t\t\t\t<\/div>\n\t\t\t\t\t<\/div>\n\t\t<\/section>\n\t\t\t\t<section class=\"elementor-section elementor-top-section elementor-element elementor-element-712db62 elementor-section-boxed elementor-section-height-default elementor-section-height-default\" data-id=\"712db62\" data-element_type=\"section\">\n\t\t\t\t\t\t<div class=\"elementor-container elementor-column-gap-default\">\n\t\t\t\t\t\t\t<div class=\"elementor-row\">\n\t\t\t\t\t<div class=\"elementor-column elementor-col-100 elementor-top-column elementor-element elementor-element-6f92b83\" data-id=\"6f92b83\" data-element_type=\"column\">\n\t\t\t<div class=\"elementor-column-wrap elementor-element-populated\">\n\t\t\t\t\t\t\t<div class=\"elementor-widget-wrap\">\n\t\t\t\t\t\t<div class=\"elementor-element elementor-element-d00350c elementor-widget elementor-widget-heading\" data-id=\"d00350c\" data-element_type=\"widget\" data-widget_type=\"heading.default\">\n\t\t\t\t<div class=\"elementor-widget-container\">\n\t\t\t<h2 class=\"elementor-heading-title elementor-size-default\">O que \u00e9 o Rebound?<\/h2>\t\t<\/div>\n\t\t\t\t<\/div>\n\t\t\t\t<div class=\"elementor-element elementor-element-00c3fc4 elementor-widget elementor-widget-text-editor\" data-id=\"00c3fc4\" data-element_type=\"widget\" data-widget_type=\"text-editor.default\">\n\t\t\t\t<div class=\"elementor-widget-container\">\n\t\t\t\t\t\t\t\t<div class=\"elementor-text-editor elementor-clearfix\">\n\t\t\t\t<p>Este projeto interterritorial, apoiado pela UE atrav\u00e9s do ERASMUS+, segue uma abordagem de pesquisa-a\u00e7\u00e3o com o objetivo de promover a resili\u00eancia das comunidades rurais.<br>\nOs parceiros da Irlanda, Portugal, Eslov\u00e9nia e da AEIDL reunem os seus conhecimentos e uma s\u00e9rie de agentes locais para analisar esta quest\u00e3o. Est\u00e3o a compilar evid\u00eancias que ir\u00e3o orientar o desenvolvimento de um curso de forma\u00e7\u00e3o e capacita\u00e7\u00e3o de n\u00edvel 6.<\/p>\n<div>\n<p><b>Tema Priorit\u00e1rio ERASMUS+<\/b>:<\/p>\n<p>Adaptar a educa\u00e7\u00e3o e forma\u00e7\u00e3o vocacional \u00e0s necessidades do mercado de trabalho.<\/p>\n<p><b>&nbsp;<\/b><b style=\"font-family: inherit; font-style: inherit; color: var( --e-global-color-text );\">Prioridades adicionais:<\/b><\/p>\n<p>Abordar a transforma\u00e7\u00e3o digital atrav\u00e9s do desenvolvimento da capacidade digital, resili\u00eancia, capacidade e valores comuns, compromisso e participa\u00e7\u00e3o c\u00edvica.<\/p>\n<\/div>\t\t\t\t\t<\/div>\n\t\t\t\t\t\t<\/div>\n\t\t\t\t<\/div>\n\t\t\t\t<div class=\"elementor-element elementor-element-02d9f2d elementor-widget elementor-widget-heading\" data-id=\"02d9f2d\" data-element_type=\"widget\" data-widget_type=\"heading.default\">\n\t\t\t\t<div class=\"elementor-widget-container\">\n\t\t\t<h5 class=\"elementor-heading-title elementor-size-default\">Qual \u00e9 o principal objetivo deste Projeto?<\/h5>\t\t<\/div>\n\t\t\t\t<\/div>\n\t\t\t\t<div class=\"elementor-element elementor-element-d0b5365 elementor-widget elementor-widget-text-editor\" data-id=\"d0b5365\" data-element_type=\"widget\" data-widget_type=\"text-editor.default\">\n\t\t\t\t<div class=\"elementor-widget-container\">\n\t\t\t\t\t\t\t\t<div class=\"elementor-text-editor elementor-clearfix\">\n\t\t\t\t<p>Elaborar um programa de forma\u00e7\u00e3o e capacita\u00e7\u00e3o, orientado para a pr\u00e1tica, robusto, confi\u00e1vel e focado em solu\u00e7\u00f5es, que ir\u00e1 reconhecer o m\u00e9rito das comunidades resilientes e permitir que os agentes locais, num contexto de aprendizagem vocacional, avaliem, promovam, revejam, ajustem e avaliem abordagens para a promo\u00e7\u00e3o da resili\u00eancia em v\u00e1rios tipos de \u00e1reas rurais na Europa.<\/p>\n\t\t\t\t\t<\/div>\n\t\t\t\t\t\t<\/div>\n\t\t\t\t<\/div>\n\t\t\t\t<div class=\"elementor-element elementor-element-7117953 elementor-widget elementor-widget-heading\" data-id=\"7117953\" data-element_type=\"widget\" data-widget_type=\"heading.default\">\n\t\t\t\t<div class=\"elementor-widget-container\">\n\t\t\t<h5 class=\"elementor-heading-title elementor-size-default\">Objetivos<\/h5>\t\t<\/div>\n\t\t\t\t<\/div>\n\t\t\t\t<div class=\"elementor-element elementor-element-806c805 elementor-widget elementor-widget-text-editor\" data-id=\"806c805\" data-element_type=\"widget\" data-widget_type=\"text-editor.default\">\n\t\t\t\t<div class=\"elementor-widget-container\">\n\t\t\t\t\t\t\t\t<div class=\"elementor-text-editor elementor-clearfix\">\n\t\t\t\t<ul>\n<li>Reunir exemplos de boas pr\u00e1ticas no que diz respeito \u00e0 constru\u00e7\u00e3o da resili\u00eancia em cada local;<\/li>\n<li>Desenvolver uma ferramenta de medi\u00e7\u00e3o, sinaliza\u00e7\u00e3o e planeamento estrat\u00e9gico da resili\u00eancia, que os profissionais possam utilizar em diversos contextos geogr\u00e1ficos;<\/li>\n<li>Envolvimento com os profissionais no desenho colaborativo de um programa de forma\u00e7\u00e3o inovador e de capacita\u00e7\u00e3o que efetivamente lhes permita promover a resil\u00eancia nas suas regi\u00f5es;<\/li>\n<li>Construir um reposit\u00f3rio digital de avalia\u00e7\u00e3o e aprendizagem com um conjunto de dimens\u00f5es e indicadores; e<\/li>\n<li>Envolvimento com m\u00faltiplos atores de forma a transferir as aprendizagens do projeto para a pr\u00e1tica.<\/li>\n<\/ul>\n\t\t\t\t\t<\/div>\n\t\t\t\t\t\t<\/div>\n\t\t\t\t<\/div>\n\t\t\t\t\t\t<\/div>\n\t\t\t\t\t<\/div>\n\t\t<\/div>\n\t\t\t\t\t\t\t\t<\/div>\n\t\t\t\t\t<\/div>\n\t\t<\/section>\n\t\t\t\t\t\t\t\t\t<\/div>\n\t\t\t<\/div>\n\t\t\t\t\t<\/div>\n\t\t","protected":false},"excerpt":{"rendered":"<p>O que \u00e9 o Rebound? Este projeto interterritorial, apoiado pela UE atrav\u00e9s do ERASMUS+, segue uma abordagem de pesquisa-a\u00e7\u00e3o com [&hellip;]<\/p>\n","protected":false},"author":1,"featured_media":0,"parent":0,"menu_order":0,"comment_status":"closed","ping_status":"closed","template":"","meta":{"_themeisle_gutenberg_block_has_review":false,"footnotes":""},"class_list":["post-3780","page","type-page","status-publish","hentry"],"_links":{"self":[{"href":"https:\/\/ruralresilience.eu\/pt-pt\/wp-json\/wp\/v2\/pages\/3780","targetHints":{"allow":["GET"]}}],"collection":[{"href":"https:\/\/ruralresilience.eu\/pt-pt\/wp-json\/wp\/v2\/pages"}],"about":[{"href":"https:\/\/ruralresilience.eu\/pt-pt\/wp-json\/wp\/v2\/types\/page"}],"author":[{"embeddable":true,"href":"https:\/\/ruralresilience.eu\/pt-pt\/wp-json\/wp\/v2\/users\/1"}],"replies":[{"embeddable":true,"href":"https:\/\/ruralresilience.eu\/pt-pt\/wp-json\/wp\/v2\/comments?post=3780"}],"version-history":[{"count":6,"href":"https:\/\/ruralresilience.eu\/pt-pt\/wp-json\/wp\/v2\/pages\/3780\/revisions"}],"predecessor-version":[{"id":3786,"href":"https:\/\/ruralresilience.eu\/pt-pt\/wp-json\/wp\/v2\/pages\/3780\/revisions\/3786"}],"wp:attachment":[{"href":"https:\/\/ruralresilience.eu\/pt-pt\/wp-json\/wp\/v2\/media?parent=3780"}],"curies":[{"name":"wp","href":"https:\/\/api.w.org\/{rel}","templated":true}]}}