{"id":4058,"date":"2023-04-06T09:15:53","date_gmt":"2023-04-06T08:15:53","guid":{"rendered":"https:\/\/ruralresilience.eu\/torthai-an-tionscadail\/"},"modified":"2023-05-03T13:07:27","modified_gmt":"2023-05-03T12:07:27","slug":"torthai-an-tionscadail","status":"publish","type":"page","link":"https:\/\/ruralresilience.eu\/ga\/torthai-an-tionscadail\/","title":{"rendered":"Tortha\u00ed an Tionscadail"},"content":{"rendered":"\n<div id=\"wp-block-themeisle-blocks-advanced-columns-af96117b\" class=\"wp-block-themeisle-blocks-advanced-columns has-1-columns has-desktop-equal-layout has-tablet-equal-layout has-mobile-equal-layout has-vertical-unset\"><div class=\"wp-block-themeisle-blocks-advanced-columns-overlay\"><\/div><div class=\"innerblocks-wrap\">\n<div id=\"wp-block-themeisle-blocks-advanced-column-7457e594\" class=\"wp-block-themeisle-blocks-advanced-column\">\n<h2 class=\"wp-block-heading\">Tuarasc\u00e1il Achomair ar Staid Nua agus ar Chleachtais Athl\u00e9imneacht Pobail Tuaithe<\/h2>\n<\/div>\n<\/div><\/div>\n\n<p>Toradh ar an gc\u00e9ad ch\u00e9im den tionscadal REBOUND is ea an Tuarasc\u00e1il Achoimre. Sol\u00e1thra\u00edonn s\u00e9 anail\u00eds ar phr\u00f3isis agus ar phatr\u00fain nu\u00e1lacha a bhaineann le hathl\u00e9imneacht na tuaithe ar fud na hEorpa agus cuireann s\u00e9 doicim\u00e9ad tosaigh ar f\u00e1il maidir le h\u00e1bhair oili\u00fana a fhorbairt a fhorbr\u00f3far sa tionscadal.<\/p>\n\n<p>Is f\u00e9idir leat an doicim\u00e9ad a \u00edosl\u00f3d\u00e1il i mB\u00e9arla anseo:<\/p>\n\n<div data-wp-interactive=\"core\/file\" class=\"wp-block-file\"><object data-wp-bind--hidden=\"!state.hasPdfPreview\" hidden class=\"wp-block-file__embed\" data=\"https:\/\/ruralresilience.eu\/wp-content\/uploads\/2023\/05\/RO1_Summary-Report_ENG.pdf\" type=\"application\/pdf\" style=\"width:100%;height:600px\" aria-label=\"Embed of RO1_Summary Report_ENG.\"><\/object><a id=\"wp-block-file--media-2caab486-c4f5-41ce-97cb-4151152c9b1f\" href=\"https:\/\/ruralresilience.eu\/wp-content\/uploads\/2023\/05\/RO1_Summary-Report_ENG.pdf\">RO1_Summary Report_ENG<\/a><a href=\"https:\/\/ruralresilience.eu\/wp-content\/uploads\/2023\/05\/RO1_Summary-Report_ENG.pdf\" class=\"wp-block-file__button wp-element-button\" download=\"\" aria-describedby=\"wp-block-file--media-2caab486-c4f5-41ce-97cb-4151152c9b1f\">\u00cdosluchtaigh<\/a><\/div>\n","protected":false},"excerpt":{"rendered":"<p>Toradh ar an gc\u00e9ad ch\u00e9im den tionscadal REBOUND is ea an Tuarasc\u00e1il Achoimre. Sol\u00e1thra\u00edonn s\u00e9 anail\u00eds ar phr\u00f3isis agus ar [&hellip;]<\/p>\n","protected":false},"author":1,"featured_media":0,"parent":0,"menu_order":0,"comment_status":"closed","ping_status":"closed","template":"","meta":{"_themeisle_gutenberg_block_has_review":false,"footnotes":""},"class_list":["post-4058","page","type-page","status-publish","hentry"],"_links":{"self":[{"href":"https:\/\/ruralresilience.eu\/ga\/wp-json\/wp\/v2\/pages\/4058","targetHints":{"allow":["GET"]}}],"collection":[{"href":"https:\/\/ruralresilience.eu\/ga\/wp-json\/wp\/v2\/pages"}],"about":[{"href":"https:\/\/ruralresilience.eu\/ga\/wp-json\/wp\/v2\/types\/page"}],"author":[{"embeddable":true,"href":"https:\/\/ruralresilience.eu\/ga\/wp-json\/wp\/v2\/users\/1"}],"replies":[{"embeddable":true,"href":"https:\/\/ruralresilience.eu\/ga\/wp-json\/wp\/v2\/comments?post=4058"}],"version-history":[{"count":1,"href":"https:\/\/ruralresilience.eu\/ga\/wp-json\/wp\/v2\/pages\/4058\/revisions"}],"predecessor-version":[{"id":4059,"href":"https:\/\/ruralresilience.eu\/ga\/wp-json\/wp\/v2\/pages\/4058\/revisions\/4059"}],"wp:attachment":[{"href":"https:\/\/ruralresilience.eu\/ga\/wp-json\/wp\/v2\/media?parent=4058"}],"curies":[{"name":"wp","href":"https:\/\/api.w.org\/{rel}","templated":true}]}}