{"id":3767,"date":"2022-11-09T13:30:10","date_gmt":"2022-11-09T13:30:10","guid":{"rendered":"https:\/\/ruralresilience.eu\/achoimre-ar-an-tionscadal\/"},"modified":"2023-02-04T17:32:26","modified_gmt":"2023-02-04T17:32:26","slug":"achoimre-ar-an-tionscadal","status":"publish","type":"page","link":"https:\/\/ruralresilience.eu\/ga\/achoimre-ar-an-tionscadal\/","title":{"rendered":"Achoimre ar an Tionscadal"},"content":{"rendered":"\t\t<div data-elementor-type=\"wp-page\" data-elementor-id=\"3767\" class=\"elementor elementor-3767 elementor-2411\">\n\t\t\t\t\t\t<div class=\"elementor-inner\">\n\t\t\t\t<div class=\"elementor-section-wrap\">\n\t\t\t\t\t\t\t\t\t<section class=\"elementor-section elementor-top-section elementor-element elementor-element-62aedf68 elementor-section-boxed elementor-section-height-default elementor-section-height-default\" data-id=\"62aedf68\" data-element_type=\"section\">\n\t\t\t\t\t\t<div class=\"elementor-container elementor-column-gap-default\">\n\t\t\t\t\t\t\t<div class=\"elementor-row\">\n\t\t\t\t\t<div class=\"elementor-column elementor-col-100 elementor-top-column elementor-element elementor-element-25936695\" data-id=\"25936695\" data-element_type=\"column\">\n\t\t\t<div class=\"elementor-column-wrap elementor-element-populated\">\n\t\t\t\t\t\t\t<div class=\"elementor-widget-wrap\">\n\t\t\t\t\t\t<div class=\"elementor-element elementor-element-6cd87884 elementor-widget elementor-widget-text-editor\" data-id=\"6cd87884\" data-element_type=\"widget\" data-widget_type=\"text-editor.default\">\n\t\t\t\t<div class=\"elementor-widget-container\">\n\t\t\t\t\t\t\t\t<div class=\"elementor-text-editor elementor-clearfix\">\n\t\t\t\t\r\n<div id=\"wp-block-themeisle-blocks-advanced-columns-a1422681\" class=\"wp-block-themeisle-blocks-advanced-columns has-0-columns has-desktop-undefined-layout has-tablet-equal-layout has-mobile-equal-layout has-vertical-unset\"><div class=\"wp-block-themeisle-blocks-advanced-columns-overlay\"><\/div><div class=\"innerblocks-wrap\"><\/div><\/div>\r\n\t\t\t\t\t<\/div>\n\t\t\t\t\t\t<\/div>\n\t\t\t\t<\/div>\n\t\t\t\t\t\t<\/div>\n\t\t\t\t\t<\/div>\n\t\t<\/div>\n\t\t\t\t\t\t\t\t<\/div>\n\t\t\t\t\t<\/div>\n\t\t<\/section>\n\t\t\t\t<section class=\"elementor-section elementor-top-section elementor-element elementor-element-712db62 elementor-section-boxed elementor-section-height-default elementor-section-height-default\" data-id=\"712db62\" data-element_type=\"section\">\n\t\t\t\t\t\t<div class=\"elementor-container elementor-column-gap-default\">\n\t\t\t\t\t\t\t<div class=\"elementor-row\">\n\t\t\t\t\t<div class=\"elementor-column elementor-col-100 elementor-top-column elementor-element elementor-element-6f92b83\" data-id=\"6f92b83\" data-element_type=\"column\">\n\t\t\t<div class=\"elementor-column-wrap elementor-element-populated\">\n\t\t\t\t\t\t\t<div class=\"elementor-widget-wrap\">\n\t\t\t\t\t\t<div class=\"elementor-element elementor-element-d00350c elementor-widget elementor-widget-heading\" data-id=\"d00350c\" data-element_type=\"widget\" data-widget_type=\"heading.default\">\n\t\t\t\t<div class=\"elementor-widget-container\">\n\t\t\t<h2 class=\"elementor-heading-title elementor-size-default\">Cad is Rebound ann?<\/h2>\t\t<\/div>\n\t\t\t\t<\/div>\n\t\t\t\t<div class=\"elementor-element elementor-element-00c3fc4 elementor-widget elementor-widget-text-editor\" data-id=\"00c3fc4\" data-element_type=\"widget\" data-widget_type=\"text-editor.default\">\n\t\t\t\t<div class=\"elementor-widget-container\">\n\t\t\t\t\t\t\t\t<div class=\"elementor-text-editor elementor-clearfix\">\n\t\t\t\t<p>Tr\u00edd an tionscadal idir cathracha seo, arna thac\u00fa ag an AE tr\u00ed ERASMUS+, tugtar faoi chur chuige taighde gn\u00edomha\u00edochta maidir le hacmhainneacht pobal tuaithe a chur chun cinn.\u00a0 T\u00e1 comhph\u00e1irtithe \u00f3 \u00c9irinn, \u00f3n bPortaing\u00e9il, \u00f3n tSl\u00f3iv\u00e9in agus \u00f3 Chumann AEIDL Uile-Eorpach (an Cumann Eorpach um Nu\u00e1il san Fhorbairt \u00c1iti\u00fail) ag cur a gcuid saineolais le cheile agus ag dul i bp\u00e1irt le raon \u00e9ags\u00fail de ph\u00e1irtithe leasmhara chun an t-\u00e1bhar sin a scr\u00fad\u00fa. T\u00e1 bonn fianaise \u00e1 chur le cheile acu lena nd\u00e9anfar forbairt cl\u00e1ir oili\u00fana agus forbartha acmhainne Leibh\u00e9al 6 a threor\u00fa.<\/p><p><strong>T\u00e9ama Tosa\u00edochta ERASMUS+:\u00a0<\/strong><\/p><p>Gairmoideachas agus gairmoili\u00faint a chur in oiri\u00faint do riachtanais an mhargaidh saothair<\/p><p>\u00a0<strong style=\"font-size: 16px; color: var( --e-global-color-text );\">Tosa\u00edochta\u00ed Breise:<\/strong><\/p><p>Aghaidh a thabhairt ar bhunathr\u00fa digiteach tr\u00ed ullmhacht dhigiteach, acmhainneacht agus acmhainn agus luachanna coiteanna a fhorbairt, agus tr\u00ed chaidreamh gn\u00edomhach agus rannph\u00e1irt\u00edocht chathartha<\/p>\t\t\t\t\t<\/div>\n\t\t\t\t\t\t<\/div>\n\t\t\t\t<\/div>\n\t\t\t\t<div class=\"elementor-element elementor-element-02d9f2d elementor-widget elementor-widget-heading\" data-id=\"02d9f2d\" data-element_type=\"widget\" data-widget_type=\"heading.default\">\n\t\t\t\t<div class=\"elementor-widget-container\">\n\t\t\t<h5 class=\"elementor-heading-title elementor-size-default\">Cad \u00ed pr\u00edomhaidhm an Tionscadail seo?<\/h5>\t\t<\/div>\n\t\t\t\t<\/div>\n\t\t\t\t<div class=\"elementor-element elementor-element-d0b5365 elementor-widget elementor-widget-text-editor\" data-id=\"d0b5365\" data-element_type=\"widget\" data-widget_type=\"text-editor.default\">\n\t\t\t\t<div class=\"elementor-widget-container\">\n\t\t\t\t\t\t\t\t<div class=\"elementor-text-editor elementor-clearfix\">\n\t\t\t\t<p>Chun cl\u00e1r oili\u00fana um fhorbairt acmhainne d\u00edrithe ar chleacht\u00f3ir\u00ed a cheapadh at\u00e1 inoibrithe, l\u00e1idir, iontaofa agus f\u00f3casaithe ar r\u00e9itigh lena ngabhfar fi\u00fantais pobal acmhainneach agus p\u00e1irtithe leasmhara a chumas\u00fa, i dtimpeallacht foghlama gairme, chun cine\u00e1lacha chur chuige a mheas\u00fan\u00fa, a chur chun cinn, a athbhreithni\u00fa, a mhionathr\u00fa agus a mheas maidir le acmhainneacht a chur chun cinn ar fud raon de chine\u00e1lacha ceantar tuaithe san Eoraip.<\/p>\n\t\t\t\t\t<\/div>\n\t\t\t\t\t\t<\/div>\n\t\t\t\t<\/div>\n\t\t\t\t<div class=\"elementor-element elementor-element-7117953 elementor-widget elementor-widget-heading\" data-id=\"7117953\" data-element_type=\"widget\" data-widget_type=\"heading.default\">\n\t\t\t\t<div class=\"elementor-widget-container\">\n\t\t\t<h5 class=\"elementor-heading-title elementor-size-default\">Cusp\u00f3ir\u00ed<\/h5>\t\t<\/div>\n\t\t\t\t<\/div>\n\t\t\t\t<div class=\"elementor-element elementor-element-806c805 elementor-widget elementor-widget-text-editor\" data-id=\"806c805\" data-element_type=\"widget\" data-widget_type=\"text-editor.default\">\n\t\t\t\t<div class=\"elementor-widget-container\">\n\t\t\t\t\t\t\t\t<div class=\"elementor-text-editor elementor-clearfix\">\n\t\t\t\t<ul><li><span style=\"font-size: 16px; color: var( --e-global-color-text );\">Chun eisp\u00e9iris dea-chleachtais a thioms\u00fa maidir le forbairt acmhainneachta bunaithe ar \u00e1it;<\/span><\/li><li><span style=\"font-size: 16px; color: var( --e-global-color-text );\">Chun uirlis tomhaiste athl\u00e9imneachta, treorach agus plean\u00e1la strait\u00e9is\u00ed a cheapadh ar f\u00e9idir le cleacht\u00f3ir\u00ed \u00ed a \u00fas\u00e1id i raon \u00e9ags\u00fala de shu\u00edomhanna geografacha<\/span><\/li><li><span style=\"font-size: 16px; color: var( --e-global-color-text );\">Chun dul i bp\u00e1irt le cleacht\u00f3ir\u00ed chun cl\u00e1r oili\u00fana agus forbartha acmhainneachta nu\u00e1lach a dhearadh i gcomhar le ch\u00e9ile lena gcuirtear ar a gcumas go h\u00e9ifeachtach acmhainneacht a chur chun cinn in \u00e9ineacht le comhfhorbairt \u00e1ite<\/span><\/li><li><span style=\"font-size: 16px; color: var( --e-global-color-text );\">Chun taisclann meas\u00fanaithe dhigitigh agus foghlama a bheacht\u00fa le sraith tois\u00ed agus t\u00e1scair\u00ed; agus<\/span><\/li><li><span style=\"font-size: 16px; color: var( --e-global-color-text );\">Chun dul i bp\u00e1irt le gn\u00edomhair\u00ed iomad\u00fala d\u2019fhonn foghlaim \u00f3 thionscadail a aistri\u00fa go cleachtas.<\/span><\/li><\/ul>\t\t\t\t\t<\/div>\n\t\t\t\t\t\t<\/div>\n\t\t\t\t<\/div>\n\t\t\t\t\t\t<\/div>\n\t\t\t\t\t<\/div>\n\t\t<\/div>\n\t\t\t\t\t\t\t\t<\/div>\n\t\t\t\t\t<\/div>\n\t\t<\/section>\n\t\t\t\t\t\t\t\t\t<\/div>\n\t\t\t<\/div>\n\t\t\t\t\t<\/div>\n\t\t","protected":false},"excerpt":{"rendered":"<p>Cad is Rebound ann? Tr\u00edd an tionscadal idir cathracha seo, arna thac\u00fa ag an AE tr\u00ed ERASMUS+, tugtar faoi chur [&hellip;]<\/p>\n","protected":false},"author":1,"featured_media":0,"parent":0,"menu_order":0,"comment_status":"closed","ping_status":"closed","template":"","meta":{"_themeisle_gutenberg_block_has_review":false,"footnotes":""},"class_list":["post-3767","page","type-page","status-publish","hentry"],"_links":{"self":[{"href":"https:\/\/ruralresilience.eu\/ga\/wp-json\/wp\/v2\/pages\/3767","targetHints":{"allow":["GET"]}}],"collection":[{"href":"https:\/\/ruralresilience.eu\/ga\/wp-json\/wp\/v2\/pages"}],"about":[{"href":"https:\/\/ruralresilience.eu\/ga\/wp-json\/wp\/v2\/types\/page"}],"author":[{"embeddable":true,"href":"https:\/\/ruralresilience.eu\/ga\/wp-json\/wp\/v2\/users\/1"}],"replies":[{"embeddable":true,"href":"https:\/\/ruralresilience.eu\/ga\/wp-json\/wp\/v2\/comments?post=3767"}],"version-history":[{"count":6,"href":"https:\/\/ruralresilience.eu\/ga\/wp-json\/wp\/v2\/pages\/3767\/revisions"}],"predecessor-version":[{"id":3773,"href":"https:\/\/ruralresilience.eu\/ga\/wp-json\/wp\/v2\/pages\/3767\/revisions\/3773"}],"wp:attachment":[{"href":"https:\/\/ruralresilience.eu\/ga\/wp-json\/wp\/v2\/media?parent=3767"}],"curies":[{"name":"wp","href":"https:\/\/api.w.org\/{rel}","templated":true}]}}