{"id":4505,"date":"2024-04-12T10:58:07","date_gmt":"2024-04-12T09:58:07","guid":{"rendered":"https:\/\/ruralresilience.eu\/resultados-del-proyecto\/boletines\/"},"modified":"2024-04-12T11:18:49","modified_gmt":"2024-04-12T10:18:49","slug":"boletines","status":"publish","type":"page","link":"https:\/\/ruralresilience.eu\/es\/resultados-del-proyecto\/boletines\/","title":{"rendered":"Boletines"},"content":{"rendered":"\n<hr class=\"wp-block-separator has-alpha-channel-opacity\"\/>\n\n\n\n<h2 class=\"wp-block-heading\">Bolet\u00edn 1 &#8211; Diciembre 2022<\/h2>\n\n\n\n<div id=\"wp-block-themeisle-blocks-advanced-columns-c27908e4\" class=\"wp-block-themeisle-blocks-advanced-columns has-1-columns has-desktop-equal-layout has-tablet-equal-layout has-mobile-equal-layout has-vertical-unset\"><div class=\"wp-block-themeisle-blocks-advanced-columns-overlay\"><\/div><div class=\"innerblocks-wrap\">\n<div id=\"wp-block-themeisle-blocks-advanced-column-e763eea4\" class=\"wp-block-themeisle-blocks-advanced-column\">\n<div data-wp-interactive=\"core\/file\" class=\"wp-block-file\"><object data-wp-bind--hidden=\"!state.hasPdfPreview\" hidden class=\"wp-block-file__embed\" data=\"https:\/\/ruralresilience.eu\/wp-content\/uploads\/2024\/04\/REBOUND_Newsletter_01_Spanish.pdf\" type=\"application\/pdf\" style=\"width:100%;height:600px\" aria-label=\"Incrustado de REBOUND_Newsletter_01_Spanish.\"><\/object><a id=\"wp-block-file--media-1cae4369-f8cb-4af1-8218-9ab82dafd933\" href=\"https:\/\/ruralresilience.eu\/wp-content\/uploads\/2024\/04\/REBOUND_Newsletter_01_Spanish.pdf\">REBOUND_Newsletter_01_Spanish<\/a><a href=\"https:\/\/ruralresilience.eu\/wp-content\/uploads\/2024\/04\/REBOUND_Newsletter_01_Spanish.pdf\" class=\"wp-block-file__button wp-element-button\" download aria-describedby=\"wp-block-file--media-1cae4369-f8cb-4af1-8218-9ab82dafd933\">Descargar el bolet\u00edn<\/a><\/div>\n<\/div>\n<\/div><\/div>\n\n\n\n<div data-wp-interactive=\"core\/file\" class=\"wp-block-file\"><object data-wp-bind--hidden=\"!state.hasPdfPreview\" hidden class=\"wp-block-file__embed\" data=\"https:\/\/ruralresilience.eu\/wp-content\/uploads\/2024\/04\/REBOUND_Newsletter_01_Spanish_full.pdf\" type=\"application\/pdf\" style=\"width:100%;height:600px\" aria-label=\"Incrustado de REBOUND_Newsletter_01_Spanish_full.\"><\/object><a id=\"wp-block-file--media-619368a9-ce9c-456e-b6d7-8ad966fec570\" href=\"https:\/\/ruralresilience.eu\/wp-content\/uploads\/2024\/04\/REBOUND_Newsletter_01_Spanish_full.pdf\">REBOUND_Newsletter_01_Spanish_full<\/a><a href=\"https:\/\/ruralresilience.eu\/wp-content\/uploads\/2024\/04\/REBOUND_Newsletter_01_Spanish_full.pdf\" class=\"wp-block-file__button wp-element-button\" download aria-describedby=\"wp-block-file--media-619368a9-ce9c-456e-b6d7-8ad966fec570\">Descargar el bolet\u00edn<\/a><\/div>\n\n\n\n<hr class=\"wp-block-separator has-alpha-channel-opacity\"\/>\n\n\n\n<h2 class=\"wp-block-heading\">Bolet\u00edn informativo 2 &#8211; mayo de 2023<\/h2>\n\n\n\n<div data-wp-interactive=\"core\/file\" class=\"wp-block-file\"><object data-wp-bind--hidden=\"!state.hasPdfPreview\" hidden class=\"wp-block-file__embed\" data=\"https:\/\/ruralresilience.eu\/wp-content\/uploads\/2024\/04\/REBOUND_Newsletter_02_Spanish.pdf\" type=\"application\/pdf\" style=\"width:100%;height:600px\" aria-label=\"Incrustado de REBOUND_Newsletter_02_Spanish.\"><\/object><a id=\"wp-block-file--media-4cbef740-37ab-4cc6-ae64-721e8aa268a3\" href=\"https:\/\/ruralresilience.eu\/wp-content\/uploads\/2024\/04\/REBOUND_Newsletter_02_Spanish.pdf\">REBOUND_Newsletter_02_Spanish<\/a><a href=\"https:\/\/ruralresilience.eu\/wp-content\/uploads\/2024\/04\/REBOUND_Newsletter_02_Spanish.pdf\" class=\"wp-block-file__button wp-element-button\" download aria-describedby=\"wp-block-file--media-4cbef740-37ab-4cc6-ae64-721e8aa268a3\">Descargar el bolet\u00edn<\/a><\/div>\n\n\n\n<hr class=\"wp-block-separator has-alpha-channel-opacity\"\/>\n\n\n\n<h2 class=\"wp-block-heading\">Bolet\u00edn 3 &#8211; Diciembre de 2023<\/h2>\n\n\n\n<div data-wp-interactive=\"core\/file\" class=\"wp-block-file\"><object data-wp-bind--hidden=\"!state.hasPdfPreview\" hidden class=\"wp-block-file__embed\" data=\"https:\/\/ruralresilience.eu\/wp-content\/uploads\/2024\/04\/REBOUND_Newsletter_03_Spanish.pdf\" type=\"application\/pdf\" style=\"width:100%;height:600px\" aria-label=\"Incrustado de REBOUND_Newsletter_03_Spanish.\"><\/object><a id=\"wp-block-file--media-39bd21c0-b271-49c9-9a64-aab5f42102a6\" href=\"https:\/\/ruralresilience.eu\/wp-content\/uploads\/2024\/04\/REBOUND_Newsletter_03_Spanish.pdf\">REBOUND_Newsletter_03_Spanish<\/a><a href=\"https:\/\/ruralresilience.eu\/wp-content\/uploads\/2024\/04\/REBOUND_Newsletter_03_Spanish.pdf\" class=\"wp-block-file__button wp-element-button\" download aria-describedby=\"wp-block-file--media-39bd21c0-b271-49c9-9a64-aab5f42102a6\">Descargar el bolet\u00edn<\/a><\/div>\n","protected":false},"excerpt":{"rendered":"<p>Bolet\u00edn 1 &#8211; Diciembre 2022 Bolet\u00edn informativo 2 &#8211; mayo de 2023 Bolet\u00edn 3 &#8211; Diciembre de 2023<\/p>\n","protected":false},"author":1,"featured_media":0,"parent":4090,"menu_order":25,"comment_status":"closed","ping_status":"closed","template":"","meta":{"_themeisle_gutenberg_block_has_review":false,"footnotes":""},"class_list":["post-4505","page","type-page","status-publish","hentry"],"_links":{"self":[{"href":"https:\/\/ruralresilience.eu\/es\/wp-json\/wp\/v2\/pages\/4505","targetHints":{"allow":["GET"]}}],"collection":[{"href":"https:\/\/ruralresilience.eu\/es\/wp-json\/wp\/v2\/pages"}],"about":[{"href":"https:\/\/ruralresilience.eu\/es\/wp-json\/wp\/v2\/types\/page"}],"author":[{"embeddable":true,"href":"https:\/\/ruralresilience.eu\/es\/wp-json\/wp\/v2\/users\/1"}],"replies":[{"embeddable":true,"href":"https:\/\/ruralresilience.eu\/es\/wp-json\/wp\/v2\/comments?post=4505"}],"version-history":[{"count":2,"href":"https:\/\/ruralresilience.eu\/es\/wp-json\/wp\/v2\/pages\/4505\/revisions"}],"predecessor-version":[{"id":4528,"href":"https:\/\/ruralresilience.eu\/es\/wp-json\/wp\/v2\/pages\/4505\/revisions\/4528"}],"up":[{"embeddable":true,"href":"https:\/\/ruralresilience.eu\/es\/wp-json\/wp\/v2\/pages\/4090"}],"wp:attachment":[{"href":"https:\/\/ruralresilience.eu\/es\/wp-json\/wp\/v2\/media?parent=4505"}],"curies":[{"name":"wp","href":"https:\/\/api.w.org\/{rel}","templated":true}]}}