{"id":4090,"date":"2023-04-06T09:15:53","date_gmt":"2023-04-06T08:15:53","guid":{"rendered":"https:\/\/ruralresilience.eu\/resultados-del-proyecto\/"},"modified":"2023-05-03T14:45:32","modified_gmt":"2023-05-03T13:45:32","slug":"resultados-del-proyecto","status":"publish","type":"page","link":"https:\/\/ruralresilience.eu\/es\/resultados-del-proyecto\/","title":{"rendered":"Resultados del proyecto"},"content":{"rendered":"\n<div id=\"wp-block-themeisle-blocks-advanced-columns-af96117b\" class=\"wp-block-themeisle-blocks-advanced-columns has-1-columns has-desktop-equal-layout has-tablet-equal-layout has-mobile-equal-layout has-vertical-unset\"><div class=\"wp-block-themeisle-blocks-advanced-columns-overlay\"><\/div><div class=\"innerblocks-wrap\">\n<div id=\"wp-block-themeisle-blocks-advanced-column-7457e594\" class=\"wp-block-themeisle-blocks-advanced-column\">\n<h2 class=\"wp-block-heading\">Informe resumido sobre el estado del arte y las pr\u00e1cticas de resiliencia de las comunidades rurales<\/h2>\n<\/div>\n<\/div><\/div>\n\n\n\n<p>El informe resumido es el resultado de la primera fase del proyecto REBOUND. Proporciona un an\u00e1lisis de los procesos y patrones innovadores relativos a la resiliencia rural en toda Europa y ofrece un documento introductorio a la elaboraci\u00f3n de los materiales de formaci\u00f3n que se desarrollar\u00e1n en el proyecto.<\/p>\n\n\n\n<p>Puede descargar el documento en ingl\u00e9s con resumen en espa\u00f1ol aqu\u00ed:<\/p>\n\n\n\n<div data-wp-interactive=\"core\/file\" class=\"wp-block-file\"><object data-wp-bind--hidden=\"!state.hasPdfPreview\" hidden class=\"wp-block-file__embed\" data=\"https:\/\/ruralresilience.eu\/wp-content\/uploads\/2023\/05\/RO1_Summary-Report_ESP.pdf\" type=\"application\/pdf\" style=\"width:100%;height:600px\" aria-label=\"Incrustado de RO1_Summary Report_ESP.\"><\/object><a id=\"wp-block-file--media-2caab486-c4f5-41ce-97cb-4151152c9b1f\" href=\"https:\/\/ruralresilience.eu\/wp-content\/uploads\/2023\/05\/RO1_Summary-Report_ESP.pdf\">RO1_Summary Report_ESP<\/a><a href=\"https:\/\/ruralresilience.eu\/wp-content\/uploads\/2023\/05\/RO1_Summary-Report_ESP.pdf\" class=\"wp-block-file__button wp-element-button\" download aria-describedby=\"wp-block-file--media-2caab486-c4f5-41ce-97cb-4151152c9b1f\">Descargar<\/a><\/div>\n","protected":false},"excerpt":{"rendered":"<p>El informe resumido es el resultado de la primera fase del proyecto REBOUND. Proporciona un an\u00e1lisis de los procesos y [&hellip;]<\/p>\n","protected":false},"author":1,"featured_media":0,"parent":0,"menu_order":0,"comment_status":"closed","ping_status":"closed","template":"","meta":{"_themeisle_gutenberg_block_has_review":false,"footnotes":""},"class_list":["post-4090","page","type-page","status-publish","hentry"],"_links":{"self":[{"href":"https:\/\/ruralresilience.eu\/es\/wp-json\/wp\/v2\/pages\/4090","targetHints":{"allow":["GET"]}}],"collection":[{"href":"https:\/\/ruralresilience.eu\/es\/wp-json\/wp\/v2\/pages"}],"about":[{"href":"https:\/\/ruralresilience.eu\/es\/wp-json\/wp\/v2\/types\/page"}],"author":[{"embeddable":true,"href":"https:\/\/ruralresilience.eu\/es\/wp-json\/wp\/v2\/users\/1"}],"replies":[{"embeddable":true,"href":"https:\/\/ruralresilience.eu\/es\/wp-json\/wp\/v2\/comments?post=4090"}],"version-history":[{"count":2,"href":"https:\/\/ruralresilience.eu\/es\/wp-json\/wp\/v2\/pages\/4090\/revisions"}],"predecessor-version":[{"id":4092,"href":"https:\/\/ruralresilience.eu\/es\/wp-json\/wp\/v2\/pages\/4090\/revisions\/4092"}],"wp:attachment":[{"href":"https:\/\/ruralresilience.eu\/es\/wp-json\/wp\/v2\/media?parent=4090"}],"curies":[{"name":"wp","href":"https:\/\/api.w.org\/{rel}","templated":true}]}}