{"id":4084,"date":"2022-11-09T13:30:10","date_gmt":"2022-11-09T13:30:10","guid":{"rendered":"https:\/\/ruralresilience.eu\/project-summary\/"},"modified":"2023-05-05T05:55:09","modified_gmt":"2023-05-05T04:55:09","slug":"project-summary","status":"publish","type":"page","link":"https:\/\/ruralresilience.eu\/es\/project-summary\/","title":{"rendered":"Resumen del proyecto"},"content":{"rendered":"\t\t<div data-elementor-type=\"wp-page\" data-elementor-id=\"4084\" class=\"elementor elementor-4084 elementor-2411\">\n\t\t\t\t\t\t<div class=\"elementor-inner\">\n\t\t\t\t<div class=\"elementor-section-wrap\">\n\t\t\t\t\t\t\t\t\t<section class=\"elementor-section elementor-top-section elementor-element elementor-element-62aedf68 elementor-section-boxed elementor-section-height-default elementor-section-height-default\" data-id=\"62aedf68\" data-element_type=\"section\">\n\t\t\t\t\t\t<div class=\"elementor-container elementor-column-gap-default\">\n\t\t\t\t\t\t\t<div class=\"elementor-row\">\n\t\t\t\t\t<div class=\"elementor-column elementor-col-100 elementor-top-column elementor-element elementor-element-25936695\" data-id=\"25936695\" data-element_type=\"column\">\n\t\t\t<div class=\"elementor-column-wrap elementor-element-populated\">\n\t\t\t\t\t\t\t<div class=\"elementor-widget-wrap\">\n\t\t\t\t\t\t<div class=\"elementor-element elementor-element-6cd87884 elementor-widget elementor-widget-text-editor\" data-id=\"6cd87884\" data-element_type=\"widget\" data-widget_type=\"text-editor.default\">\n\t\t\t\t<div class=\"elementor-widget-container\">\n\t\t\t\t\t\t\t\t<div class=\"elementor-text-editor elementor-clearfix\">\n\t\t\t\t\r\n<div id=\"wp-block-themeisle-blocks-advanced-columns-a1422681\" class=\"wp-block-themeisle-blocks-advanced-columns has-0-columns has-desktop-undefined-layout has-tablet-equal-layout has-mobile-equal-layout has-vertical-unset\"><div class=\"wp-block-themeisle-blocks-advanced-columns-overlay\"><\/div><div class=\"innerblocks-wrap\"><\/div><\/div>\r\n\t\t\t\t\t<\/div>\n\t\t\t\t\t\t<\/div>\n\t\t\t\t<\/div>\n\t\t\t\t\t\t<\/div>\n\t\t\t\t\t<\/div>\n\t\t<\/div>\n\t\t\t\t\t\t\t\t<\/div>\n\t\t\t\t\t<\/div>\n\t\t<\/section>\n\t\t\t\t<section class=\"elementor-section elementor-top-section elementor-element elementor-element-712db62 elementor-section-boxed elementor-section-height-default elementor-section-height-default\" data-id=\"712db62\" data-element_type=\"section\">\n\t\t\t\t\t\t<div class=\"elementor-container elementor-column-gap-default\">\n\t\t\t\t\t\t\t<div class=\"elementor-row\">\n\t\t\t\t\t<div class=\"elementor-column elementor-col-100 elementor-top-column elementor-element elementor-element-6f92b83\" data-id=\"6f92b83\" data-element_type=\"column\">\n\t\t\t<div class=\"elementor-column-wrap elementor-element-populated\">\n\t\t\t\t\t\t\t<div class=\"elementor-widget-wrap\">\n\t\t\t\t\t\t<div class=\"elementor-element elementor-element-d00350c elementor-widget elementor-widget-heading\" data-id=\"d00350c\" data-element_type=\"widget\" data-widget_type=\"heading.default\">\n\t\t\t\t<div class=\"elementor-widget-container\">\n\t\t\t<h2 class=\"elementor-heading-title elementor-size-default\">\u00bfQu\u00e9 es el proyecto REBOUND?<\/h2>\t\t<\/div>\n\t\t\t\t<\/div>\n\t\t\t\t<div class=\"elementor-element elementor-element-00c3fc4 elementor-widget elementor-widget-text-editor\" data-id=\"00c3fc4\" data-element_type=\"widget\" data-widget_type=\"text-editor.default\">\n\t\t\t\t<div class=\"elementor-widget-container\">\n\t\t\t\t\t\t\t\t<div class=\"elementor-text-editor elementor-clearfix\">\n\t\t\t\t<p>Este proyecto interterritorial, que cuenta con el apoyo de la UE a trav\u00e9s de ERASMUS+, persigue un enfoque de investigaci\u00f3n-acci\u00f3n para fomentar la resiliencia de las comunidades rurales.&nbsp; Socios de Irlanda, Portugal, Eslovenia y la asociaci\u00f3n europea AEIDL a\u00fanan sus propios conocimientos as\u00ed como los de varios stakeholders especializados en este tem\u00e1tica. Estamos recopilando conocimiento el cual servir\u00e1 para desarrollar un programa de formaci\u00f3n y capacitaci\u00f3n de nivel 6 en el marco europeo.<\/p>\n<div>\n<div><b>Tema prioritario de Erasmus+:<\/b><\/div>\n<div>Adaptar la educaci\u00f3n y la formaci\u00f3n profesional a las necesidades del mercado laboral<\/div>\n<div><span style=\"font-size: 16px; color: var( --e-global-color-text );\">&nbsp;<\/span><br><\/div>\n<div><b>Prioridades adicionales:<span style=\"white-space:pre\">\t<\/span><\/b><\/div>\n<div><div>Abordar la transformaci\u00f3n digital mediante el desarrollo de una mayor preparaci\u00f3n, resiliencia y capacidad digitales adem\u00e1s de promover valores comunes, el compromiso c\u00edvico y la participaci\u00f3n.<\/div><\/div>\n<\/div>\t\t\t\t\t<\/div>\n\t\t\t\t\t\t<\/div>\n\t\t\t\t<\/div>\n\t\t\t\t<div class=\"elementor-element elementor-element-02d9f2d elementor-widget elementor-widget-heading\" data-id=\"02d9f2d\" data-element_type=\"widget\" data-widget_type=\"heading.default\">\n\t\t\t\t<div class=\"elementor-widget-container\">\n\t\t\t<h5 class=\"elementor-heading-title elementor-size-default\">\u00bfCu\u00e1l es el objetivo principal de este proyecto?<\/h5>\t\t<\/div>\n\t\t\t\t<\/div>\n\t\t\t\t<div class=\"elementor-element elementor-element-d0b5365 elementor-widget elementor-widget-text-editor\" data-id=\"d0b5365\" data-element_type=\"widget\" data-widget_type=\"text-editor.default\">\n\t\t\t\t<div class=\"elementor-widget-container\">\n\t\t\t\t\t\t\t\t<div class=\"elementor-text-editor elementor-clearfix\">\n\t\t\t\t<p>Dise\u00f1ar un programa de formaci\u00f3n para el desarrollo de capacidades orientado a los profesionales y t\u00e9cnicos de desarrollo local y rural que sea viable, s\u00f3lido, fiable y centrado en las soluciones pr\u00e1cticas. Ha de captar los m\u00e9ritos de las comunidades rurales resilientes y permita a las partes interesadas, en un entorno de aprendizaje profesional, evaluar, promover, revisar, ajustar y evaluar los enfoques para la promoci\u00f3n de la resiliencia en toda una gama de comunidades rurales en toda Europa.<\/p>\t\t\t\t\t<\/div>\n\t\t\t\t\t\t<\/div>\n\t\t\t\t<\/div>\n\t\t\t\t<div class=\"elementor-element elementor-element-7117953 elementor-widget elementor-widget-heading\" data-id=\"7117953\" data-element_type=\"widget\" data-widget_type=\"heading.default\">\n\t\t\t\t<div class=\"elementor-widget-container\">\n\t\t\t<h5 class=\"elementor-heading-title elementor-size-default\">Objetivos secundarios<\/h5>\t\t<\/div>\n\t\t\t\t<\/div>\n\t\t\t\t<div class=\"elementor-element elementor-element-806c805 elementor-widget elementor-widget-text-editor\" data-id=\"806c805\" data-element_type=\"widget\" data-widget_type=\"text-editor.default\">\n\t\t\t\t<div class=\"elementor-widget-container\">\n\t\t\t\t\t\t\t\t<div class=\"elementor-text-editor elementor-clearfix\">\n\t\t\t\t<ul>\n<li><span style=\"font-size: 16px; color: var( --e-global-color-text );\">Recopilar experiencias de buenas pr\u00e1cticas en materia de resiliencia local y rural&nbsp;<\/span><br><\/li>\n<li>Dise\u00f1ar una herramienta de medici\u00f3n, se\u00f1alizaci\u00f3n y planificaci\u00f3n estrat\u00e9gica de la resiliencia que los profesionales y t\u00e9cnicos de desarrollo rural\/local puedan utilizar en diversos entornos geogr\u00e1ficos&nbsp;<\/li>\n<li>Colaborar con profesionales en el dise\u00f1o de un programa innovador de formaci\u00f3n y capacitaci\u00f3n que les permita promover eficazmente la resiliencia rural\/local<\/li>\n<li>Perfeccionar un repositorio digital de evaluaci\u00f3n y aprendizaje con una serie de dimensiones e indicadores<\/li>\n<li>Involucrar a m\u00faltiples actores en la transferencia de los aprendizajes del proyecto para la praxis<\/li>\n\n<\/ul>\t\t\t\t\t<\/div>\n\t\t\t\t\t\t<\/div>\n\t\t\t\t<\/div>\n\t\t\t\t\t\t<\/div>\n\t\t\t\t\t<\/div>\n\t\t<\/div>\n\t\t\t\t\t\t\t\t<\/div>\n\t\t\t\t\t<\/div>\n\t\t<\/section>\n\t\t\t\t\t\t\t\t\t<\/div>\n\t\t\t<\/div>\n\t\t\t\t\t<\/div>\n\t\t","protected":false},"excerpt":{"rendered":"<p>\u00bfQu\u00e9 es el proyecto REBOUND? Este proyecto interterritorial, que cuenta con el apoyo de la UE a trav\u00e9s de ERASMUS+, [&hellip;]<\/p>\n","protected":false},"author":1,"featured_media":0,"parent":0,"menu_order":0,"comment_status":"closed","ping_status":"closed","template":"","meta":{"_themeisle_gutenberg_block_has_review":false,"footnotes":""},"class_list":["post-4084","page","type-page","status-publish","hentry"],"_links":{"self":[{"href":"https:\/\/ruralresilience.eu\/es\/wp-json\/wp\/v2\/pages\/4084","targetHints":{"allow":["GET"]}}],"collection":[{"href":"https:\/\/ruralresilience.eu\/es\/wp-json\/wp\/v2\/pages"}],"about":[{"href":"https:\/\/ruralresilience.eu\/es\/wp-json\/wp\/v2\/types\/page"}],"author":[{"embeddable":true,"href":"https:\/\/ruralresilience.eu\/es\/wp-json\/wp\/v2\/users\/1"}],"replies":[{"embeddable":true,"href":"https:\/\/ruralresilience.eu\/es\/wp-json\/wp\/v2\/comments?post=4084"}],"version-history":[{"count":10,"href":"https:\/\/ruralresilience.eu\/es\/wp-json\/wp\/v2\/pages\/4084\/revisions"}],"predecessor-version":[{"id":4187,"href":"https:\/\/ruralresilience.eu\/es\/wp-json\/wp\/v2\/pages\/4084\/revisions\/4187"}],"wp:attachment":[{"href":"https:\/\/ruralresilience.eu\/es\/wp-json\/wp\/v2\/media?parent=4084"}],"curies":[{"name":"wp","href":"https:\/\/api.w.org\/{rel}","templated":true}]}}